{"id":11433,"date":"2025-07-17T23:54:04","date_gmt":"2025-07-17T23:54:04","guid":{"rendered":"https:\/\/magazin.ritschard-shop.ch\/impressum\/"},"modified":"2025-10-28T15:55:23","modified_gmt":"2025-10-28T15:55:23","slug":"impressum","status":"publish","type":"page","link":"https:\/\/magazin.ritschard-shop.ch\/fr\/impressum\/","title":{"rendered":"Mentions l\u00e9gales"},"content":{"rendered":"\t\t<div data-elementor-type=\"wp-page\" data-elementor-id=\"11433\" class=\"elementor elementor-11433 elementor-10767\" data-elementor-post-type=\"page\">\n\t\t\t\t<div class=\"elementor-element elementor-element-38261c5f e-flex e-con-boxed e-con e-parent\" data-id=\"38261c5f\" data-element_type=\"container\" data-e-type=\"container\">\n\t\t\t\t\t<div class=\"e-con-inner\">\n\t\t\t\t<div class=\"elementor-element elementor-element-23ebee9a elementor-widget elementor-widget-text-editor\" data-id=\"23ebee9a\" data-element_type=\"widget\" data-e-type=\"widget\" data-widget_type=\"text-editor.default\">\n\t\t\t\t<div class=\"elementor-widget-container\">\n\t\t\t\t\t\t\t\t\t<h1><strong>Mentions l\u00e9gales<\/strong><\/h1><h3><strong>Responsable du contenu de ces pages  <\/strong><\/h3><p><strong>Weinhandlung Ritschard AG<\/strong><\/p><p><span style=\"font-weight: 400;\">Directeur g\u00e9n\u00e9ral : Diego Mathier<\/span><\/p><p><span style=\"font-weight: 400;\">UID\/MWST : CHE-102.590.228<\/span><\/p><p><span style=\"font-weight: 400;\">Forme juridique : soci\u00e9t\u00e9 anonyme<\/span><\/p><p><span style=\"font-weight: 400;\">Adresse : Aarm\u00fchlestrasse 17, 3800 Interlaken<\/span><\/p><p><span style=\"font-weight: 400;\">T\u00e9l\u00e9phone : +41 33 822 45 45<\/span><\/p><p><span style=\"font-weight: 400;\">eMail : <\/span><a href=\"mailto:info@ritschard-shop.ch\"><span style=\"font-weight: 400;\">info@ritschard-shop.ch<\/span><\/a><\/p><p><span style=\"font-weight: 400;\">Si\u00e8ge social : Interlaken<\/span><\/p><h3><strong>Clause de non-responsabilit\u00e9<\/strong><\/h3><p><span style=\"font-weight: 400;\">L&rsquo;auteur n&rsquo;assume aucune responsabilit\u00e9 quant \u00e0 la v\u00e9racit\u00e9, l&rsquo;exactitude, l&rsquo;actualit\u00e9, la fiabilit\u00e9 et l&rsquo;exhaustivit\u00e9 du contenu des informations.<\/span><\/p><p><span style=\"font-weight: 400;\">L&rsquo;auteur ne saurait \u00eatre tenu pour responsable des dommages mat\u00e9riels ou immat\u00e9riels qui pourraient \u00eatre caus\u00e9s par l&rsquo;acc\u00e8s aux informations diffus\u00e9es ou par leur utilisation ou non-utilisation, par le mauvais usage de la connexion ou par des probl\u00e8mes techniques.<\/span><\/p><p><span style=\"font-weight: 400;\">Toutes les offres sont sans engagement. L&rsquo;auteur se r\u00e9serve express\u00e9ment le droit de modifier, de compl\u00e9ter ou de supprimer des parties de pages ou l&rsquo;ensemble de l&rsquo;offre sans avis pr\u00e9alable, ou d&rsquo;en suspendre temporairement ou d\u00e9finitivement la publication. <\/span><\/p><h3><strong>Responsabilit\u00e9 des liens<\/strong><\/h3><p><span style=\"font-weight: 400;\">Les renvois et liens vers des sites web de tiers ne rel\u00e8vent pas de notre responsabilit\u00e9. Nous d\u00e9clinons toute responsabilit\u00e9 pour de tels sites. L&rsquo;acc\u00e8s \u00e0 ces sites et leur utilisation se font aux risques de l&rsquo;utilisateur.  <\/span><\/p><h3>Cr\u00e9dits photographiques<\/h3><ol><li>Les images et graphiques utilis\u00e9s sur ce site proviennent en partie de plates-formes externes.<br data-start=\"441\" data-end=\"444\">Sources : <strong data-start=\"453\" data-end=\"464\">Freepik<\/strong><a class=\"decorated-link cursor-pointer\" target=\"_new\" rel=\"noopener\" data-start=\"466\" data-end=\"481\">(www.freepik.com)<\/a>, <strong data-start=\"484\" data-end=\"495\">Pixabay<\/strong><a class=\"decorated-link cursor-pointer\" target=\"_new\" rel=\"noopener\" data-start=\"497\" data-end=\"512\">(www.pixabay.com)<\/a>, <strong data-start=\"515\" data-end=\"525\">Pexels<\/strong><a class=\"decorated-link cursor-pointer\" target=\"_new\" rel=\"noopener\" data-start=\"527\" data-end=\"541\">(www.pexels.com)<\/a>.<br data-start=\"543\" data-end=\"546\">L&rsquo;utilisation est conforme aux conditions de licence respectives.<\/li><\/ol>\t\t\t\t\t\t\t\t<\/div>\n\t\t\t\t<\/div>\n\t\t\t\t\t<\/div>\n\t\t\t\t<\/div>\n\t\t\t\t<\/div>\n\t\t","protected":false},"excerpt":{"rendered":"<p>Mentions l\u00e9gales Responsable du contenu de ces pages Weinhandlung Ritschard AG Directeur g\u00e9n\u00e9ral : Diego Mathier UID\/MWST : CHE-102.590.228 Forme juridique : soci\u00e9t\u00e9 anonyme Adresse : Aarm\u00fchlestrasse 17, 3800 Interlaken T\u00e9l\u00e9phone : +41 33 822 45 45 eMail : info@ritschard-shop.ch Si\u00e8ge social : Interlaken Clause de non-responsabilit\u00e9 L&rsquo;auteur n&rsquo;assume aucune responsabilit\u00e9 quant \u00e0 la v\u00e9racit\u00e9, [&hellip;]<\/p>\n","protected":false},"author":1,"featured_media":0,"parent":0,"menu_order":0,"comment_status":"closed","ping_status":"closed","template":"","meta":{"footnotes":""},"class_list":["post-11433","page","type-page","status-publish","hentry"],"_links":{"self":[{"href":"https:\/\/magazin.ritschard-shop.ch\/fr\/wp-json\/wp\/v2\/pages\/11433","targetHints":{"allow":["GET"]}}],"collection":[{"href":"https:\/\/magazin.ritschard-shop.ch\/fr\/wp-json\/wp\/v2\/pages"}],"about":[{"href":"https:\/\/magazin.ritschard-shop.ch\/fr\/wp-json\/wp\/v2\/types\/page"}],"author":[{"embeddable":true,"href":"https:\/\/magazin.ritschard-shop.ch\/fr\/wp-json\/wp\/v2\/users\/1"}],"replies":[{"embeddable":true,"href":"https:\/\/magazin.ritschard-shop.ch\/fr\/wp-json\/wp\/v2\/comments?post=11433"}],"version-history":[{"count":2,"href":"https:\/\/magazin.ritschard-shop.ch\/fr\/wp-json\/wp\/v2\/pages\/11433\/revisions"}],"predecessor-version":[{"id":11533,"href":"https:\/\/magazin.ritschard-shop.ch\/fr\/wp-json\/wp\/v2\/pages\/11433\/revisions\/11533"}],"wp:attachment":[{"href":"https:\/\/magazin.ritschard-shop.ch\/fr\/wp-json\/wp\/v2\/media?parent=11433"}],"curies":[{"name":"wp","href":"https:\/\/api.w.org\/{rel}","templated":true}]}}